{"id":12,"date":"2023-11-26T15:23:32","date_gmt":"2023-11-26T15:23:32","guid":{"rendered":"http:\/\/162.55.97.110\/~jbtradin\/?page_id=12"},"modified":"2023-12-20T17:39:02","modified_gmt":"2023-12-20T16:39:02","slug":"produkter","status":"publish","type":"page","link":"https:\/\/j-b-trading.dk\/?page_id=12","title":{"rendered":"Produkter"},"content":{"rendered":"\n<p class=\"has-text-align-left tw-mb-6 tw-mt-8 has-neve-link-hover-color-background-color has-background has-large-font-size\"><strong>Produkter: <\/strong><\/p>\n\n\n\n<p class=\"has-medium-font-size\"><strong>J&amp;B Trading forhandler bl.a. f\u00f8lgende produkter: <\/strong><\/p>\n\n\n\n<p class=\"has-medium-font-size\"><strong>Fris\u00f8rgrej &#8211; B\u00f8rster og kamme<\/strong><br><strong>Fris\u00f8rsakse<\/strong><br><strong>Udtyndersakse<\/strong><br><strong>H\u00e5rklippere og h\u00e5rtrimmere<\/strong><br><strong>H\u00e5rt\u00f8rrere<\/strong><br><strong>Glattejern<\/strong><br><strong>Kirurgiske sakse<\/strong><br><strong>N\u00e6seh\u00e5r sakse<\/strong><br><strong>Moustache kamme<\/strong><br><strong>Skr\u00e6ddersakse<\/strong><br><strong>Manicure <\/strong><br><strong>Pedicure<br>Guldsakse<\/strong><br><\/p>\n\n\n\n<figure class=\"wp-block-image size-medium\"><img loading=\"lazy\" decoding=\"async\" width=\"300\" height=\"199\" src=\"http:\/\/162.55.97.110\/~jbtradin\/wp-content\/uploads\/2023\/12\/Guldsaks32-300x199.png\" alt=\"Guldsaks\" class=\"wp-image-600\" srcset=\"https:\/\/j-b-trading.dk\/wp-content\/uploads\/2023\/12\/Guldsaks32-300x199.png 300w, https:\/\/j-b-trading.dk\/wp-content\/uploads\/2023\/12\/Guldsaks32-1024x681.png 1024w, https:\/\/j-b-trading.dk\/wp-content\/uploads\/2023\/12\/Guldsaks32-768x510.png 768w, https:\/\/j-b-trading.dk\/wp-content\/uploads\/2023\/12\/Guldsaks32-1536x1021.png 1536w, https:\/\/j-b-trading.dk\/wp-content\/uploads\/2023\/12\/Guldsaks32-930x620.png 930w, https:\/\/j-b-trading.dk\/wp-content\/uploads\/2023\/12\/Guldsaks32.png 1920w\" sizes=\"auto, (max-width: 300px) 100vw, 300px\" \/><figcaption class=\"wp-element-caption\">K\u00f8b guldsaks p\u00e5 <a href=\"https:\/\/www.supersakse.dk\/guldsakse.html\">https:\/\/www.supersakse.dk\/guldsakse.html<\/a><\/figcaption><\/figure>\n","protected":false},"excerpt":{"rendered":"<p>Produkter: J&amp;B Trading forhandler bl.a. f\u00f8lgende produkter: Fris\u00f8rgrej &#8211; B\u00f8rster og kammeFris\u00f8rsakseUdtyndersakseH\u00e5rklippere og h\u00e5rtrimmereH\u00e5rt\u00f8rrereGlattejernKirurgiske sakseN\u00e6seh\u00e5r sakseMoustache kammeSkr\u00e6ddersakseManicure PedicureGuldsakse<\/p>\n","protected":false},"author":1,"featured_media":0,"parent":426,"menu_order":0,"comment_status":"closed","ping_status":"closed","template":"","meta":{"neve_meta_sidebar":"","neve_meta_container":"","neve_meta_enable_content_width":"on","neve_meta_content_width":100,"neve_meta_title_alignment":"","neve_meta_author_avatar":"","neve_post_elements_order":"","neve_meta_disable_header":"","neve_meta_disable_footer":"off","neve_meta_disable_title":"on","footnotes":""},"class_list":["post-12","page","type-page","status-publish","hentry"],"_links":{"self":[{"href":"https:\/\/j-b-trading.dk\/index.php?rest_route=\/wp\/v2\/pages\/12","targetHints":{"allow":["GET"]}}],"collection":[{"href":"https:\/\/j-b-trading.dk\/index.php?rest_route=\/wp\/v2\/pages"}],"about":[{"href":"https:\/\/j-b-trading.dk\/index.php?rest_route=\/wp\/v2\/types\/page"}],"author":[{"embeddable":true,"href":"https:\/\/j-b-trading.dk\/index.php?rest_route=\/wp\/v2\/users\/1"}],"replies":[{"embeddable":true,"href":"https:\/\/j-b-trading.dk\/index.php?rest_route=%2Fwp%2Fv2%2Fcomments&post=12"}],"version-history":[{"count":14,"href":"https:\/\/j-b-trading.dk\/index.php?rest_route=\/wp\/v2\/pages\/12\/revisions"}],"predecessor-version":[{"id":603,"href":"https:\/\/j-b-trading.dk\/index.php?rest_route=\/wp\/v2\/pages\/12\/revisions\/603"}],"up":[{"embeddable":true,"href":"https:\/\/j-b-trading.dk\/index.php?rest_route=\/wp\/v2\/pages\/426"}],"wp:attachment":[{"href":"https:\/\/j-b-trading.dk\/index.php?rest_route=%2Fwp%2Fv2%2Fmedia&parent=12"}],"curies":[{"name":"wp","href":"https:\/\/api.w.org\/{rel}","templated":true}]}}