{"id":426,"date":"2021-02-16T11:44:42","date_gmt":"2021-02-16T11:44:42","guid":{"rendered":"https:\/\/demosites.io\/neve-3\/?page_id=46"},"modified":"2023-12-20T16:35:49","modified_gmt":"2023-12-20T15:35:49","slug":"7b3c2-homepage","status":"publish","type":"page","link":"https:\/\/j-b-trading.dk\/","title":{"rendered":"Forside"},"content":{"rendered":"\n<div class=\"wp-block-cover alignwide has-custom-content-position is-position-top-left has-nv-dark-bg-color has-text-color has-link-color wp-elements-c7d0f3d2b1a666f9d7e16a68d4f7b7c0\" style=\"border-width:2px;border-radius:0px;padding-top:0;padding-right:0;padding-bottom:var(--wp--preset--spacing--20);padding-left:var(--wp--preset--spacing--60);min-height:476px;aspect-ratio:unset;\"><span aria-hidden=\"true\" class=\"wp-block-cover__background has-neve-link-hover-color-background-color has-background-dim-100 has-background-dim\"><\/span><div class=\"wp-block-cover__inner-container is-layout-flow wp-block-cover-is-layout-flow\">\n<div style=\"height:40px\" aria-hidden=\"true\" class=\"wp-block-spacer\"><\/div>\n\n\n\n<div class=\"wp-block-columns are-vertically-aligned-center has-neve-link-hover-color-background-color has-background is-layout-flex wp-container-core-columns-is-layout-b7fa37b4 wp-block-columns-is-layout-flex\" style=\"border-style:none;border-width:0px;border-radius:0px;padding-top:0;padding-right:0;padding-bottom:0;padding-left:0\">\n<div class=\"wp-block-column is-vertically-aligned-center is-layout-flow wp-block-column-is-layout-flow\" style=\"--col-width:100%;flex-basis:100%\">\n<h1 class=\"wp-block-heading has-text-align-left\" style=\"font-size:56px\">J&amp;B Trading <\/h1>\n\n\n\n<p class=\"has-medium-font-size\">J&amp;B&nbsp;Trading blev grundlagt af Bent Petersen i 2004.<br>Virksomheden forhandler is\u00e6r sakse og fris\u00f8rgrej af h\u00f8jeste kvalitet.<\/p>\n\n\n\n<p class=\"has-medium-font-size\">Vi driver f\u00f8lgende webshops:<br><a href=\"http:\/\/www.supersakse.dk\/\" target=\"_blank\" rel=\"noreferrer noopener\"><strong>www.supersakse.dk<\/strong><\/a><br><a href=\"http:\/\/www.jaguardanmark.dk\/\" target=\"_blank\" rel=\"noreferrer noopener\"><strong>www.jaguardanmark.dk<\/strong><\/a><\/p>\n\n\n\n<p class=\"has-medium-font-size\">Vi forhandler en r\u00e6kke m\u00e6rkevarer, f.eks.:<br>Jaguar, Tondeo, Joewell, Erlinda, Glamtech, Gifaz, Zwilling, Kent<\/p>\n\n\n\n<p class=\"has-text-align-left\" style=\"font-size:1.125em\"> <\/p>\n\n\n\n<div class=\"wp-block-buttons is-layout-flex wp-block-buttons-is-layout-flex\"><\/div>\n<\/div>\n<\/div>\n\n\n\n<figure class=\"wp-block-image size-full\"><img loading=\"lazy\" decoding=\"async\" width=\"995\" height=\"62\" src=\"http:\/\/162.55.97.110\/~jbtradin\/wp-content\/uploads\/2023\/12\/Banner3.png\" alt=\"\" class=\"wp-image-541\" srcset=\"https:\/\/j-b-trading.dk\/wp-content\/uploads\/2023\/12\/Banner3.png 995w, https:\/\/j-b-trading.dk\/wp-content\/uploads\/2023\/12\/Banner3-300x19.png 300w, https:\/\/j-b-trading.dk\/wp-content\/uploads\/2023\/12\/Banner3-768x48.png 768w\" sizes=\"auto, (max-width: 995px) 100vw, 995px\" \/><\/figure>\n<\/div><\/div>\n","protected":false},"excerpt":{"rendered":"","protected":false},"author":1,"featured_media":0,"parent":0,"menu_order":0,"comment_status":"closed","ping_status":"closed","template":"","meta":{"neve_meta_sidebar":"full-width","neve_meta_container":"full-width","neve_meta_enable_content_width":"on","neve_meta_content_width":100,"neve_meta_title_alignment":"left","neve_meta_author_avatar":"","neve_post_elements_order":"","neve_meta_disable_header":"","neve_meta_disable_footer":"","neve_meta_disable_title":"on","footnotes":""},"class_list":["post-426","page","type-page","status-publish","hentry"],"_links":{"self":[{"href":"https:\/\/j-b-trading.dk\/index.php?rest_route=\/wp\/v2\/pages\/426","targetHints":{"allow":["GET"]}}],"collection":[{"href":"https:\/\/j-b-trading.dk\/index.php?rest_route=\/wp\/v2\/pages"}],"about":[{"href":"https:\/\/j-b-trading.dk\/index.php?rest_route=\/wp\/v2\/types\/page"}],"author":[{"embeddable":true,"href":"https:\/\/j-b-trading.dk\/index.php?rest_route=\/wp\/v2\/users\/1"}],"replies":[{"embeddable":true,"href":"https:\/\/j-b-trading.dk\/index.php?rest_route=%2Fwp%2Fv2%2Fcomments&post=426"}],"version-history":[{"count":12,"href":"https:\/\/j-b-trading.dk\/index.php?rest_route=\/wp\/v2\/pages\/426\/revisions"}],"predecessor-version":[{"id":593,"href":"https:\/\/j-b-trading.dk\/index.php?rest_route=\/wp\/v2\/pages\/426\/revisions\/593"}],"wp:attachment":[{"href":"https:\/\/j-b-trading.dk\/index.php?rest_route=%2Fwp%2Fv2%2Fmedia&parent=426"}],"curies":[{"name":"wp","href":"https:\/\/api.w.org\/{rel}","templated":true}]}}