{"id":7,"date":"2023-11-26T15:24:02","date_gmt":"2023-11-26T15:24:02","guid":{"rendered":"http:\/\/162.55.97.110\/~jbtradin\/?page_id=7"},"modified":"2023-12-20T12:29:01","modified_gmt":"2023-12-20T11:29:01","slug":"salgsbetingelser","status":"publish","type":"page","link":"https:\/\/j-b-trading.dk\/?page_id=7","title":{"rendered":"Salgsbetingelser"},"content":{"rendered":"\n<p class=\"has-text-align-left tw-mt-8 tw-mb-6 has-neve-link-hover-color-background-color has-background has-large-font-size\"><strong>Salgsbetingelser<\/strong><\/p>\n\n\n\n<div class=\"wp-block-group alignwide\"><div class=\"wp-block-group__inner-container is-layout-constrained wp-block-group-is-layout-constrained\">\n<p class=\"has-medium-font-size\"><span style=\"text-decoration: underline;\"><strong>K\u00f8b hos J&amp;B Trading<\/strong><\/span><br>Der er ikke indg\u00e5et en bindende k\u00f8bsaftale med J&amp;B Trading, f\u00f8r De har modtaget en ordrebekr\u00e6ftelse fra J&amp;B Trading.<br>Der tages forbehold for prisfejl mv. som f\u00f8lge af valuta\u00e6ndringer, krig, terror, naturkatastrofer, atomangreb, force majeure, leveringssvigt, afgifts\u00e6ndringer, udsolgte varer og trykfejl. Der tages forbehold for udsolgte varer og udskudt leveringstid hos J&amp;B Trading&#8217;s grossister.<br><br><strong><span style=\"text-decoration: underline;\">Reklamationsret<\/span><br><\/strong>Som forbruger har man 2 \u00e5rs reklamationsret, hvilket betyder, at De enten kan f\u00e5 varen repareret, ombyttet, pengene tilbage eller afslag i prisen, afh\u00e6ngig af den konkrete situation. Dette betinger selvf\u00f8lgelig at reklamationen er berettiget. Forskellen p\u00e5 reklamationsret og garanti kan ses her. Er der yderligere reklamationsret eller garanti, vil det fremg\u00e5 s\u00e6rskilt af fakturaen. Skade p\u00e5 produktet som skyldes betjeningsfejl, h\u00e5ndteringsfejl, modifikationer eller groft misbrug fra brugerens side, er ikke d\u00e6kket af reklamationsretten. Herunder h\u00f8rer ogs\u00e5 \u00e6ndring af tilf\u00f8rt str\u00f8mstyrke til enhver relevant komponent. Der henvises i \u00f8vrigt til K\u00f8belovens \u00a7 78 for fremgangsm\u00e5de vedr\u00f8rende reklamationer.<br><br><strong><span style=\"text-decoration: underline;\">Anvendelse af reklamationsret<\/span><\/strong><br>Reklamation ang\u00e5ende fejl og mangler skal meddeles J&amp;B Trading inden rimelig tid efter varens modtagelse. Ved henvendelse til J&amp;B Trading vil kunden modtage konkrete informationer om, hvorledes returnering skal foretages. Varer der returneres p\u00e5 efterkrav eller som sendes uden porto n\u00e6gtes modtaget af J&amp;B Trading.<\/p>\n\n\n\n<p class=\"has-medium-font-size\"><strong><span style=\"text-decoration: underline;\">14 dages returret<\/span><\/strong><br>I forbrugerk\u00f8b hvor bestillingen af varer foretages via internettet har forbrugeren 14 dages fortrydelsesret. Fortrydelsesretten l\u00f8ber fra det tidspunkt hvor varen overdrages til forbrugeren. Skulle k\u00f8bet fortrydes indenfor 14 dage tilbagebetaler vi k\u00f8besummen. Betingelsen for at anvende fortrydelsesretten er, at varen tilbageleveres i original emballage og i samme stand, som da varen blev modtaget. S\u00e5fremt varen har v\u00e6ret monteret\/installeret\/taget i brug bortfalder returretten. Hvis varen ikke tilbageleveres i v\u00e6sentlig samme stand, ans\u00e6ttes varen sk\u00f8nsm\u00e6ssigt af J&amp;B Trading ud fra en mulig salgsv\u00e6rdi. For at kunne benytte fortrydelsesretten, skal varen v\u00e6re afleveret til Post Danmark (eller anden transport\u00f8r) senest 14 dage efter modtagelsen eller v\u00e6re tilbageafleveret p\u00e5 J&amp;B Trading\u2019 adresse ligeledes indenfor 14 dage efter modtagelsen. <br>Ved anvendelse af fortrydelsesretten skal varen venligst returneres i ORIGINAL EMBALLAGE. Manglende ORIGINAL EMBALLAGE medf\u00f8rer oftest en forringelse af salgsv\u00e6rdien, hvorfor De ud fra en vurdering foretaget af J&amp;B Trading, vil blive krediteret et tilsvarende mindre bel\u00f8b svarende til forringelsen. I v\u00e6rste fald kan manglende ORIGINAL EMBALLAGE m.v. medf\u00f8re, at k\u00f8bet ikke kan fortrydes. Omkostninger ved at sende varen tilbage p\u00e5hviler forbrugeren. J&amp;B Trading returnerer bel\u00f8bet inden 30 dage i overensstemmelse med forbrugeraftalelovens \u00a7 21 stk. 3 og 4.<br><br><strong><span style=\"text-decoration: underline;\">Forsvarlig returnering <\/span><\/strong><br>Alle produkter, der returneres til J&amp;B Trading skal v\u00e6re forsvarligt indpakket. <br>J&amp;B Trading anbefaler, at varen returneres via Post Danmark, og at varen sendes som pakkepost. P\u00e5 den m\u00e5de er der mulighed for at spore pakken i Post Danmarks system og det fjerner dermed enhver tvivl om, hvorvidt varen er blevet udleveret til J&amp;B Trading. Yderligere har kunden mulighed for, at kunne efterlyse pakken s\u00e5fremt udlevering ikke har fundet sted. <br><br><strong><span style=\"text-decoration: underline;\">Er De i tvivl ? <\/span><\/strong><br>S\u00e5fremt der m\u00e5tte opst\u00e5 tvivlssp\u00f8rgsm\u00e5l, anbefaler J&amp;B Trading, at De retter henvendelse til os. <br><br><strong><span style=\"text-decoration: underline;\">S\u00e6rlige bestemmelser for erhvervsdrivende <\/span><\/strong><br>Der g\u00e6lder de samme salgsbetingelser som for forbrugere, dog med f\u00f8lgende modifikationer:<br>&#8211; Der er ingen fortrydelsesret for erhvervsdrivende<br>&#8211; Der g\u00e6lder 1 \u00e5rs reklamationsret fra oprindelig fakturadato.<br>&#8211; Ombytning eller reparation medf\u00f8rer ikke, at der l\u00f8ber en ny 1 \u00e5rs reklamationsperiode<br>&#8211; J&amp;B Trading forbeholder sig ejendomsretten til varer k\u00f8bt p\u00e5 kredit, indtil den fulde k\u00f8besum er erlagt<br>&#8211; Alle omkostninger i forbindelse med h\u00e5ndh\u00e6velse af ejendomsforbeholdet p\u00e5hviler k\u00f8beren.<br>&#8211; Der p\u00e5l\u00f8ber renter fra forfaldsdatoen med 1 % pr. p\u00e5begyndt m\u00e5ned.<br>&#8211; Ved brug af reklamationsretten skal k\u00f8ber selv st\u00e5 for forsendelsen af produktet, herunder  forsendelsesomkostningerne. <br><br><strong><span style=\"text-decoration: underline;\">Tilbagesendelse af varer, som ikke indeholder fejl <\/span><\/strong><br>Ved kundens returnering af defekte eller forkerte varer til J&amp;B Trading, hvor fejl eller defekt, defineret og angivet af kunden, ikke konstateres, vil varen blive tilbagesendt til kunden inklusiv et testgebyr. J&amp;B Trading forbeholder sig retten til at opkr\u00e6ve dette gebyr og forsendelsesomkostninger pr. efterkrav, s\u00e5fremt der ikke foreligger en kreditaftale. Testgebyret er DKK 250,00 pr. halve time inkl. moms. Testgebyret beregnes p\u00e5 baggrund af tid forbrugt i forbindelse med test og fejls\u00f8gning. Varer b\u00f8r returneres med en fakturakopi og evt. fejlmeddelelse p\u00e5 produktet. Varer der ikke indg\u00e5r under reklamationsretten og som modtages uden forsvarlig emballage, vil blive omemballeret og der vil blive et opkr\u00e6vet et bel\u00f8b svarende til vores udgifter til n\u00f8dvendig og forsvarlig emballage.<br><br><strong><span style=\"text-decoration: underline;\">Betaling<\/span><\/strong><br>Ved k\u00f8b over <a href=\"https:\/\/www.supersakse.dk\/\">www.supersakse.dk<\/a> samt <a href=\"https:\/\/www.jaguardanmark.dk\/\">www.jaguardanmark.dk<\/a> kan der betales med dankort og bankoverf\u00f8rsel.<br>Virksomheder og offentlige institutioner kan efter s\u00e6rskilt aftale opn\u00e5 en betalingsaftale med op til 30 dages kredit.<br>Til offentlige institutioner vil der kunne udstedes elektroniske fakturaer.<br><br><strong><span style=\"text-decoration: underline;\">Priser og kontrakter<\/span><\/strong><br>Alle priser er excl. 25 % moms og i Danske kroner, hvor intet andet n\u00e6vnes.<br>Priserne er kun g\u00e6ldende indenfor Danmarks gr\u00e6nser, ekskl. F\u00e6r\u00f8erne og Gr\u00f8nland.<br>Alle kontrakter indg\u00e5es p\u00e5 dansk.<br><br><strong><span style=\"text-decoration: underline;\">Ordrebekr\u00e6ftelse<\/span><\/strong><br>J&amp;B Trading opbevarer ikke selve ordrebekr\u00e6ftelsen efter den er fremsendt til kunden.<br><br><strong><span style=\"text-decoration: underline;\">Afbestillinger<\/span><\/strong><br>\u00d8nsker De at afbestille eller annullere en allerede afgivet bestilling, b\u00f8r dette som udgangspunkt ske skriftligt.<br>Dette kan fx ske ved at fremsende en e-mail med m\u00e6rket &#8220;Afbestilling&#8221;. Her b\u00f8r bestillingstidspunkt samt ordrenummer fremg\u00e5.<br>Har De modtaget en ordrebekr\u00e6ftelse pr. e-mail kan denne returneres til afsender med teksten &#8220;Afbestilling!&#8221; indsat i emnetekst.<\/p>\n\n\n\n<p><\/p>\n<\/div><\/div>\n\n\n\n<div class=\"wp-block-group alignfull\" style=\"padding-top:var(--wp--preset--spacing--50);padding-right:var(--wp--preset--spacing--50);padding-bottom:var(--wp--preset--spacing--50);padding-left:var(--wp--preset--spacing--50)\"><div class=\"wp-block-group__inner-container is-layout-constrained wp-container-core-group-is-layout-af81f691 wp-block-group-is-layout-constrained\">\n<div class=\"wp-block-columns alignwide is-layout-flex wp-container-core-columns-is-layout-35a0fbab wp-block-columns-is-layout-flex\" style=\"margin-top:0;margin-bottom:0\">\n<div class=\"wp-block-column is-layout-flow wp-block-column-is-layout-flow\">\n<div class=\"wp-block-query is-layout-flow wp-block-query-is-layout-flow\"><\/div>\n<\/div>\n\n\n\n<div class=\"wp-block-column is-layout-flow wp-block-column-is-layout-flow\" style=\"padding-top:0\">\n<div style=\"height:var(--wp--preset--spacing--50)\" aria-hidden=\"true\" class=\"wp-block-spacer\"><\/div>\n\n\n\n<div class=\"wp-block-query is-layout-flow wp-block-query-is-layout-flow\"><\/div>\n\n\n\n<div style=\"height:var(--wp--preset--spacing--50)\" aria-hidden=\"true\" class=\"wp-block-spacer\"><\/div>\n<\/div>\n\n\n\n<div class=\"wp-block-column is-layout-flow wp-block-column-is-layout-flow\">\n<div class=\"wp-block-query is-layout-flow wp-block-query-is-layout-flow\"><\/div>\n<\/div>\n\n\n\n<div class=\"wp-block-column is-layout-flow wp-block-column-is-layout-flow\" style=\"padding-top:0\">\n<div style=\"height:var(--wp--preset--spacing--50)\" aria-hidden=\"true\" class=\"wp-block-spacer\"><\/div>\n\n\n\n<div class=\"wp-block-query is-layout-flow wp-block-query-is-layout-flow\"><\/div>\n\n\n\n<div style=\"height:var(--wp--preset--spacing--50)\" aria-hidden=\"true\" class=\"wp-block-spacer\"><\/div>\n<\/div>\n<\/div>\n<\/div><\/div>\n","protected":false},"excerpt":{"rendered":"<p>Salgsbetingelser K\u00f8b hos J&amp;B TradingDer er ikke indg\u00e5et en bindende k\u00f8bsaftale med J&amp;B Trading, f\u00f8r De har modtaget en ordrebekr\u00e6ftelse fra J&amp;B Trading.Der tages forbehold for prisfejl mv. som f\u00f8lge af valuta\u00e6ndringer, krig, terror, naturkatastrofer, atomangreb, force majeure, leveringssvigt, afgifts\u00e6ndringer, udsolgte varer og trykfejl. Der tages forbehold for udsolgte varer og udskudt leveringstid hos J&amp;B&hellip;&nbsp;<a href=\"https:\/\/j-b-trading.dk\/?page_id=7\" rel=\"bookmark\">L\u00e6s mere &raquo;<span class=\"screen-reader-text\">Salgsbetingelser<\/span><\/a><\/p>\n","protected":false},"author":1,"featured_media":0,"parent":426,"menu_order":0,"comment_status":"closed","ping_status":"closed","template":"","meta":{"neve_meta_sidebar":"default","neve_meta_container":"default","neve_meta_enable_content_width":"on","neve_meta_content_width":100,"neve_meta_title_alignment":"","neve_meta_author_avatar":"","neve_post_elements_order":"","neve_meta_disable_header":"","neve_meta_disable_footer":"","neve_meta_disable_title":"on","footnotes":""},"class_list":["post-7","page","type-page","status-publish","hentry"],"_links":{"self":[{"href":"https:\/\/j-b-trading.dk\/index.php?rest_route=\/wp\/v2\/pages\/7","targetHints":{"allow":["GET"]}}],"collection":[{"href":"https:\/\/j-b-trading.dk\/index.php?rest_route=\/wp\/v2\/pages"}],"about":[{"href":"https:\/\/j-b-trading.dk\/index.php?rest_route=\/wp\/v2\/types\/page"}],"author":[{"embeddable":true,"href":"https:\/\/j-b-trading.dk\/index.php?rest_route=\/wp\/v2\/users\/1"}],"replies":[{"embeddable":true,"href":"https:\/\/j-b-trading.dk\/index.php?rest_route=%2Fwp%2Fv2%2Fcomments&post=7"}],"version-history":[{"count":11,"href":"https:\/\/j-b-trading.dk\/index.php?rest_route=\/wp\/v2\/pages\/7\/revisions"}],"predecessor-version":[{"id":583,"href":"https:\/\/j-b-trading.dk\/index.php?rest_route=\/wp\/v2\/pages\/7\/revisions\/583"}],"up":[{"embeddable":true,"href":"https:\/\/j-b-trading.dk\/index.php?rest_route=\/wp\/v2\/pages\/426"}],"wp:attachment":[{"href":"https:\/\/j-b-trading.dk\/index.php?rest_route=%2Fwp%2Fv2%2Fmedia&parent=7"}],"curies":[{"name":"wp","href":"https:\/\/api.w.org\/{rel}","templated":true}]}}